{"id":137124,"date":"2026-04-06T17:19:15","date_gmt":"2026-04-06T15:19:15","guid":{"rendered":"https:\/\/driveclub9560.fr\/?page_id=137124"},"modified":"2026-04-06T19:46:42","modified_gmt":"2026-04-06T17:46:42","slug":"chauffeurs","status":"publish","type":"page","link":"https:\/\/driveclub9560.fr\/index.php\/chauffeurs\/","title":{"rendered":"Chauffeurs"},"content":{"rendered":"\t\t<div data-elementor-type=\"wp-page\" data-elementor-id=\"137124\" class=\"elementor elementor-137124\" data-elementor-post-type=\"page\">\n\t\t\t\t<div class=\"elementor-element elementor-element-95fefe0 e-flex e-con-boxed e-con e-parent\" data-id=\"95fefe0\" data-element_type=\"container\">\n\t\t\t\t\t<div class=\"e-con-inner\">\n\t\t\t\t<div class=\"elementor-element elementor-element-1284854 elementor-widget elementor-widget-heading\" data-id=\"1284854\" data-element_type=\"widget\" data-widget_type=\"heading.default\">\n\t\t\t\t<div class=\"elementor-widget-container\">\n\t\t\t\t\t<h2 class=\"elementor-heading-title elementor-size-default\">Devenir Chauffeur<\/h2>\t\t\t\t<\/div>\n\t\t\t\t<\/div>\n\t\t\t\t<div class=\"elementor-element elementor-element-015e464 elementor-widget elementor-widget-text-editor\" data-id=\"015e464\" data-element_type=\"widget\" data-widget_type=\"text-editor.default\">\n\t\t\t\t<div class=\"elementor-widget-container\">\n\t\t\t\t\t\t\t\t\tRemplissez le formulaire ci-dessous pour rejoindre notre \u00e9quipe de chauffeurs.\n<\/br>\nNous vous contacterons apr\u00e8s r\u00e9ception de votre demande.\t\t\t\t\t\t\t\t<\/div>\n\t\t\t\t<\/div>\n\t\t\t\t\t<\/div>\n\t\t\t\t<\/div>\n\t\t<div class=\"elementor-element elementor-element-d0a1417 e-flex e-con-boxed e-con e-parent\" data-id=\"d0a1417\" data-element_type=\"container\">\n\t\t\t\t\t<div class=\"e-con-inner\">\n\t\t\t\t<div class=\"elementor-element elementor-element-992ddcb elementor-widget__width-initial form-chfr elementor-widget elementor-widget-shortcode\" data-id=\"992ddcb\" data-element_type=\"widget\" data-widget_type=\"shortcode.default\">\n\t\t\t\t<div class=\"elementor-widget-container\">\n\t\t\t\t\t\t\t<div class=\"elementor-shortcode\"><style id=\"wpforms-css-vars-137126\">\n\t\t\t\t#wpforms-137126 {\n\t\t\t\t--wpforms-container-padding: 0px;\n--wpforms-container-border-width: 1px;\n--wpforms-container-border-radius: 3px;\n--wpforms-background-color: rgba(0, 0, 0, 0);\n--wpforms-field-size-input-height: 43px;\n--wpforms-field-size-input-spacing: 15px;\n--wpforms-field-size-font-size: 16px;\n--wpforms-field-size-line-height: 19px;\n--wpforms-field-size-padding-h: 14px;\n--wpforms-field-size-checkbox-size: 16px;\n--wpforms-field-size-sublabel-spacing: 5px;\n--wpforms-field-size-icon-size: 1;\n--wpforms-label-size-font-size: 16px;\n--wpforms-label-size-line-height: 19px;\n--wpforms-label-size-sublabel-font-size: 14px;\n--wpforms-label-size-sublabel-line-height: 17px;\n--wpforms-button-size-font-size: 17px;\n--wpforms-button-size-height: 41px;\n--wpforms-button-size-padding-h: 15px;\n--wpforms-button-size-margin-top: 10px;\n--wpforms-container-shadow-size-box-shadow: none;\n\t\t\t}\n\t\t\t<\/style><div class=\"wpforms-container wpforms-container-full wpforms-render-modern\" id=\"wpforms-137126\"><form id=\"wpforms-form-137126\" class=\"wpforms-validate wpforms-form wpforms-ajax-form\" data-formid=\"137126\" method=\"post\" enctype=\"multipart\/form-data\" action=\"\/index.php\/wp-json\/wp\/v2\/pages\/137124\" data-token=\"e5727f81010e8c1c8d9f536bc4916b53\" data-token-time=\"1775650152\"><noscript class=\"wpforms-error-noscript\">Veuillez activer JavaScript dans votre navigateur pour remplir ce formulaire.<\/noscript><div id=\"wpforms-error-noscript\" style=\"display: none;\">Veuillez activer JavaScript dans votre navigateur pour remplir ce formulaire.<\/div><div class=\"wpforms-field-container\"><div id=\"wpforms-137126-field_7-container\" class=\"wpforms-field wpforms-field-name\" data-field-id=\"7\"><label class=\"wpforms-field-label\" for=\"wpforms-137126-field_7\">Nom <span class=\"wpforms-required-label\" aria-hidden=\"true\">*<\/span><\/label><input type=\"text\" id=\"wpforms-137126-field_7\" class=\"wpforms-field-large wpforms-field-required\" name=\"wpforms[fields][7]\" aria-errormessage=\"wpforms-137126-field_7-error\" required><\/div><div id=\"wpforms-137126-field_8-container\" class=\"wpforms-field wpforms-field-name\" data-field-id=\"8\"><label class=\"wpforms-field-label\" for=\"wpforms-137126-field_8\">Pr\u00e9nom <span class=\"wpforms-required-label\" aria-hidden=\"true\">*<\/span><\/label><input type=\"text\" id=\"wpforms-137126-field_8\" class=\"wpforms-field-large wpforms-field-required\" name=\"wpforms[fields][8]\" aria-errormessage=\"wpforms-137126-field_8-error\" required><\/div>\t\t<div id=\"wpforms-137126-field_1-container\"\n\t\t\tclass=\"wpforms-field wpforms-field-text\"\n\t\t\tdata-field-type=\"text\"\n\t\t\tdata-field-id=\"1\"\n\t\t\t>\n\t\t\t<label class=\"wpforms-field-label\" for=\"wpforms-137126-field_1\" >Pro Adresse professionnelle<\/label>\n\t\t\t<input type=\"text\" id=\"wpforms-137126-field_1\" class=\"wpforms-field-medium\" name=\"wpforms[fields][1]\" >\n\t\t<\/div>\n\t\t<div id=\"wpforms-137126-field_14-container\" class=\"wpforms-field wpforms-field-email\" data-field-id=\"14\"><label class=\"wpforms-field-label\" for=\"wpforms-137126-field_14\">Email <span class=\"wpforms-required-label\" aria-hidden=\"true\">*<\/span><\/label><input type=\"email\" id=\"wpforms-137126-field_14\" class=\"wpforms-field-large wpforms-field-required\" name=\"wpforms[fields][14]\" spellcheck=\"false\" aria-errormessage=\"wpforms-137126-field_14-error\" required><\/div><div id=\"wpforms-137126-field_6-container\" class=\"wpforms-field wpforms-field-number\" data-field-id=\"6\"><label class=\"wpforms-field-label\" for=\"wpforms-137126-field_6\">Adresse postale <span class=\"wpforms-required-label\" aria-hidden=\"true\">*<\/span><\/label><input type=\"number\" id=\"wpforms-137126-field_6\" class=\"wpforms-field-large wpforms-field-required\" name=\"wpforms[fields][6]\" step=\"any\" aria-errormessage=\"wpforms-137126-field_6-error\" required><\/div><div id=\"wpforms-137126-field_10-container\" class=\"wpforms-field wpforms-field-file input-pht\" data-field-id=\"10\"><label class=\"wpforms-field-label\" for=\"wpforms-137126-field_10\">Photo permis de conduire <span class=\"wpforms-required-label\" aria-hidden=\"true\">*<\/span><\/label><input type=\"file\" id=\"wpforms-137126-field_10\" class=\"wpforms-field-medium wpforms-field-required\" name=\"wpforms[fields][10]\" aria-errormessage=\"wpforms-137126-field_10-error\" required><\/div><div id=\"wpforms-137126-field_15-container\" class=\"wpforms-field wpforms-field-file Assurance\" data-field-id=\"15\"><label class=\"wpforms-field-label\" for=\"wpforms-137126-field_15\">Assurance Pro <span class=\"wpforms-required-label\" aria-hidden=\"true\">*<\/span><\/label><input type=\"file\" id=\"wpforms-137126-field_15\" class=\"wpforms-field-medium wpforms-field-required\" name=\"wpforms[fields][15]\" aria-errormessage=\"wpforms-137126-field_15-error\" required><\/div><div id=\"wpforms-137126-field_11-container\" class=\"wpforms-field wpforms-field-file Photo-carte\" data-field-id=\"11\"><label class=\"wpforms-field-label\" for=\"wpforms-137126-field_11\">Photo carte professionnelle <span class=\"wpforms-required-label\" aria-hidden=\"true\">*<\/span><\/label><input type=\"file\" id=\"wpforms-137126-field_11\" class=\"wpforms-field-medium wpforms-field-required\" name=\"wpforms[fields][11]\" aria-errormessage=\"wpforms-137126-field_11-error\" required><\/div><div id=\"wpforms-137126-field_12-container\" class=\"wpforms-field wpforms-field-file Carte-grise\" data-field-id=\"12\"><label class=\"wpforms-field-label\" for=\"wpforms-137126-field_12\">Carte grise v\u00e9hicule <span class=\"wpforms-required-label\" aria-hidden=\"true\">*<\/span><\/label><input type=\"file\" id=\"wpforms-137126-field_12\" class=\"wpforms-field-medium wpforms-field-required\" name=\"wpforms[fields][12]\" aria-errormessage=\"wpforms-137126-field_12-error\" required><\/div><div id=\"wpforms-137126-field_13-container\" class=\"wpforms-field wpforms-field-file Photo-vehicule\" data-field-id=\"13\"><label class=\"wpforms-field-label\" for=\"wpforms-137126-field_13\">Photo v\u00e9hicule <span class=\"wpforms-required-label\" aria-hidden=\"true\">*<\/span><\/label><input type=\"file\" id=\"wpforms-137126-field_13\" class=\"wpforms-field-medium wpforms-field-required\" name=\"wpforms[fields][13]\" aria-errormessage=\"wpforms-137126-field_13-error\" required><\/div><script>\n\t\t\t\t( function() {\n\t\t\t\t\tconst style = document.createElement( 'style' );\n\t\t\t\t\tstyle.appendChild( document.createTextNode( '#wpforms-137126-field_1-container { position: absolute !important; overflow: hidden !important; display: inline !important; height: 1px !important; width: 1px !important; z-index: -1000 !important; padding: 0 !important; } #wpforms-137126-field_1-container input { visibility: hidden; } #wpforms-conversational-form-page #wpforms-137126-field_1-container label { counter-increment: none; }' ) );\n\t\t\t\t\tdocument.head.appendChild( style );\n\t\t\t\t\tdocument.currentScript?.remove();\n\t\t\t\t} )();\n\t\t\t<\/script><\/div><!-- .wpforms-field-container --><div class=\"wpforms-submit-container\" ><input type=\"hidden\" name=\"wpforms[id]\" value=\"137126\"><input type=\"hidden\" name=\"page_title\" value=\"\"><input type=\"hidden\" name=\"page_url\" value=\"https:\/\/driveclub9560.fr\/index.php\/wp-json\/wp\/v2\/pages\/137124\"><input type=\"hidden\" name=\"url_referer\" value=\"\"><button type=\"submit\" name=\"wpforms[submit]\" id=\"wpforms-submit-137126\" class=\"wpforms-submit\" data-alt-text=\"Envoi...\" data-submit-text=\"Envoyer\" aria-live=\"assertive\" value=\"wpforms-submit\">Envoyer<\/button><img decoding=\"async\" src=\"https:\/\/driveclub9560.fr\/wp-content\/plugins\/wpforms-lite\/assets\/images\/submit-spin.svg\" class=\"wpforms-submit-spinner\" style=\"display: none;\" width=\"26\" height=\"26\" alt=\"Chargement en cours\"><\/div><\/form><\/div>  <!-- .wpforms-container --><\/div>\n\t\t\t\t\t\t<\/div>\n\t\t\t\t<\/div>\n\t\t\t\t\t<\/div>\n\t\t\t\t<\/div>\n\t\t\t\t<\/div>\n\t\t","protected":false},"excerpt":{"rendered":"<p>Devenir Chauffeur Remplissez le formulaire ci-dessous pour rejoindre notre \u00e9quipe de chauffeurs. Nous vous contacterons apr\u00e8s r\u00e9ception de votre demande.<\/p>\n","protected":false},"author":2,"featured_media":0,"parent":0,"menu_order":0,"comment_status":"closed","ping_status":"closed","template":"","meta":{"footnotes":""},"class_list":["post-137124","page","type-page","status-publish","hentry"],"_links":{"self":[{"href":"https:\/\/driveclub9560.fr\/index.php\/wp-json\/wp\/v2\/pages\/137124","targetHints":{"allow":["GET"]}}],"collection":[{"href":"https:\/\/driveclub9560.fr\/index.php\/wp-json\/wp\/v2\/pages"}],"about":[{"href":"https:\/\/driveclub9560.fr\/index.php\/wp-json\/wp\/v2\/types\/page"}],"author":[{"embeddable":true,"href":"https:\/\/driveclub9560.fr\/index.php\/wp-json\/wp\/v2\/users\/2"}],"replies":[{"embeddable":true,"href":"https:\/\/driveclub9560.fr\/index.php\/wp-json\/wp\/v2\/comments?post=137124"}],"version-history":[{"count":25,"href":"https:\/\/driveclub9560.fr\/index.php\/wp-json\/wp\/v2\/pages\/137124\/revisions"}],"predecessor-version":[{"id":137163,"href":"https:\/\/driveclub9560.fr\/index.php\/wp-json\/wp\/v2\/pages\/137124\/revisions\/137163"}],"wp:attachment":[{"href":"https:\/\/driveclub9560.fr\/index.php\/wp-json\/wp\/v2\/media?parent=137124"}],"curies":[{"name":"wp","href":"https:\/\/api.w.org\/{rel}","templated":true}]}}