{"id":137169,"date":"2026-04-07T11:48:50","date_gmt":"2026-04-07T09:48:50","guid":{"rendered":"https:\/\/driveclub9560.fr\/?page_id=137169"},"modified":"2026-04-07T14:58:25","modified_gmt":"2026-04-07T12:58:25","slug":"tarifs","status":"publish","type":"page","link":"https:\/\/driveclub9560.fr\/index.php\/tarifs\/","title":{"rendered":"tarifs"},"content":{"rendered":"\t\t<div data-elementor-type=\"wp-page\" data-elementor-id=\"137169\" class=\"elementor elementor-137169\" data-elementor-post-type=\"page\">\n\t\t\t\t<div class=\"elementor-element elementor-element-72b7bf0 e-flex e-con-boxed e-con e-parent\" data-id=\"72b7bf0\" data-element_type=\"container\" data-settings=\"{&quot;background_background&quot;:&quot;classic&quot;}\">\n\t\t\t\t\t<div class=\"e-con-inner\">\n\t\t<div class=\"elementor-element elementor-element-2b425a5 e-grid e-con-full e-con e-child\" data-id=\"2b425a5\" data-element_type=\"container\">\n\t\t<div class=\"elementor-element elementor-element-d5ba0b1 e-con-full e-flex e-con e-child\" data-id=\"d5ba0b1\" data-element_type=\"container\">\n\t\t\t\t<div class=\"elementor-element elementor-element-a2e4d2f elementor-widget elementor-widget-heading\" data-id=\"a2e4d2f\" data-element_type=\"widget\" data-widget_type=\"heading.default\">\n\t\t\t\t<div class=\"elementor-widget-container\">\n\t\t\t\t\t<h3 class=\"elementor-heading-title elementor-size-default\">Nos Tarifs<\/h3>\t\t\t\t<\/div>\n\t\t\t\t<\/div>\n\t\t\t\t<div class=\"elementor-element elementor-element-14c1f07 elementor-widget elementor-widget-heading\" data-id=\"14c1f07\" data-element_type=\"widget\" data-widget_type=\"heading.default\">\n\t\t\t\t<div class=\"elementor-widget-container\">\n\t\t\t\t\t<h2 class=\"elementor-heading-title elementor-size-default\">Des Prix Clairs pour Tous Vos D\u00e9placements<\/h2>\t\t\t\t<\/div>\n\t\t\t\t<\/div>\n\t\t\t\t<div class=\"elementor-element elementor-element-3cb1a67 elementor-widget elementor-widget-text-editor\" data-id=\"3cb1a67\" data-element_type=\"widget\" data-widget_type=\"text-editor.default\">\n\t\t\t\t<div class=\"elementor-widget-container\">\n\t\t\t\t\t\t\t\t\tAvec <em style=\"color: #00bf63;\">DRIVE CLUB 95.60<\/em>, profitez de tarifs clairs et adapt\u00e9s \u00e0 tous vos trajets, que ce soit en ville, pour vos transferts ou vos d\u00e9placements longue distance.\t\t\t\t\t\t\t\t<\/div>\n\t\t\t\t<\/div>\n\t\t\t\t<\/div>\n\t\t<div class=\"elementor-element elementor-element-dcf0e13 e-con-full elementor-hidden-mobile e-flex e-con e-child\" data-id=\"dcf0e13\" data-element_type=\"container\">\n\t\t\t\t<\/div>\n\t\t\t\t<\/div>\n\t\t\t\t\t<\/div>\n\t\t\t\t<\/div>\n\t\t<div class=\"elementor-element elementor-element-f4362a7 e-flex e-con-boxed e-con e-parent\" data-id=\"f4362a7\" data-element_type=\"container\">\n\t\t\t\t\t<div class=\"e-con-inner\">\n\t\t\t\t<div class=\"elementor-element elementor-element-b775981 elementor-widget elementor-widget-heading\" data-id=\"b775981\" data-element_type=\"widget\" data-widget_type=\"heading.default\">\n\t\t\t\t<div class=\"elementor-widget-container\">\n\t\t\t\t\t<h2 class=\"elementor-heading-title elementor-size-default\">Informations tarifaires<\/h2>\t\t\t\t<\/div>\n\t\t\t\t<\/div>\n\t\t\t\t<div class=\"elementor-element elementor-element-ab7b400 elementor-widget elementor-widget-text-editor\" data-id=\"ab7b400\" data-element_type=\"widget\" data-widget_type=\"text-editor.default\">\n\t\t\t\t<div class=\"elementor-widget-container\">\n\t\t\t\t\t\t\t\t\t<p>Les frais de gestion et les acomptes ne sont pas remboursables en cas d\u2019annulation moins d\u2019une heure avant la course.<\/p>\t\t\t\t\t\t\t\t<\/div>\n\t\t\t\t<\/div>\n\t\t\t\t\t<\/div>\n\t\t\t\t<\/div>\n\t\t<div class=\"elementor-element elementor-element-af2db5d e-grid e-con-boxed e-con e-parent\" data-id=\"af2db5d\" data-element_type=\"container\">\n\t\t\t\t\t<div class=\"e-con-inner\">\n\t\t<div class=\"elementor-element elementor-element-a48cd7c e-flex e-con-boxed e-con e-child\" data-id=\"a48cd7c\" data-element_type=\"container\" data-settings=\"{&quot;background_background&quot;:&quot;classic&quot;}\">\n\t\t\t\t\t<div class=\"e-con-inner\">\n\t\t\t\t<div class=\"elementor-element elementor-element-78c05c7 elementor-widget elementor-widget-image\" data-id=\"78c05c7\" data-element_type=\"widget\" data-widget_type=\"image.default\">\n\t\t\t\t<div class=\"elementor-widget-container\">\n\t\t\t\t\t\t\t\t\t\t\t\t\t\t\t<img fetchpriority=\"high\" decoding=\"async\" width=\"626\" height=\"352\" src=\"https:\/\/driveclub9560.fr\/wp-content\/uploads\/2026\/04\/woman-getting-taxi-car_23-2149149625.png\" class=\"attachment-large size-large wp-image-137175\" alt=\"\" srcset=\"https:\/\/driveclub9560.fr\/wp-content\/uploads\/2026\/04\/woman-getting-taxi-car_23-2149149625.png 626w, https:\/\/driveclub9560.fr\/wp-content\/uploads\/2026\/04\/woman-getting-taxi-car_23-2149149625-300x169.png 300w, https:\/\/driveclub9560.fr\/wp-content\/uploads\/2026\/04\/woman-getting-taxi-car_23-2149149625-600x337.png 600w\" sizes=\"(max-width: 626px) 100vw, 626px\" \/>\t\t\t\t\t\t\t\t\t\t\t\t\t\t\t<\/div>\n\t\t\t\t<\/div>\n\t\t\t\t<div class=\"elementor-element elementor-element-3e2c281 elementor-widget elementor-widget-heading\" data-id=\"3e2c281\" data-element_type=\"widget\" data-widget_type=\"heading.default\">\n\t\t\t\t<div class=\"elementor-widget-container\">\n\t\t\t\t\t<h2 class=\"elementor-heading-title elementor-size-default\">Courses locales et urbaines<\/h2>\t\t\t\t<\/div>\n\t\t\t\t<\/div>\n\t\t\t\t<div class=\"elementor-element elementor-element-a759937 elementor-widget elementor-widget-text-editor\" data-id=\"a759937\" data-element_type=\"widget\" data-widget_type=\"text-editor.default\">\n\t\t\t\t<div class=\"elementor-widget-container\">\n\t\t\t\t\t\t\t\t\t<p>\u2022 1.5\u20ac \/ KM<br \/>\u2022 + 7\u20ac de frais de gestion<\/p>\t\t\t\t\t\t\t\t<\/div>\n\t\t\t\t<\/div>\n\t\t\t\t\t<\/div>\n\t\t\t\t<\/div>\n\t\t<div class=\"elementor-element elementor-element-f61984f e-flex e-con-boxed e-con e-child\" data-id=\"f61984f\" data-element_type=\"container\" data-settings=\"{&quot;background_background&quot;:&quot;classic&quot;}\">\n\t\t\t\t\t<div class=\"e-con-inner\">\n\t\t\t\t<div class=\"elementor-element elementor-element-cf2da2d elementor-widget elementor-widget-image\" data-id=\"cf2da2d\" data-element_type=\"widget\" data-widget_type=\"image.default\">\n\t\t\t\t<div class=\"elementor-widget-container\">\n\t\t\t\t\t\t\t\t\t\t\t\t<figure class=\"wp-caption\">\n\t\t\t\t\t\t\t\t\t\t<img decoding=\"async\" src=\"https:\/\/driveclub9560.fr\/wp-content\/uploads\/2026\/04\/airport-limo-service-1.png\" title=\"airport-limo-service (1)\" alt=\"airport-limo-service (1)\" loading=\"lazy\" \/>\t\t\t\t\t\t\t\t\t\t\t<figcaption class=\"widget-image-caption wp-caption-text\"><\/figcaption>\n\t\t\t\t\t\t\t\t\t\t<\/figure>\n\t\t\t\t\t\t\t\t\t<\/div>\n\t\t\t\t<\/div>\n\t\t\t\t<div class=\"elementor-element elementor-element-9083d54 elementor-widget elementor-widget-heading\" data-id=\"9083d54\" data-element_type=\"widget\" data-widget_type=\"heading.default\">\n\t\t\t\t<div class=\"elementor-widget-container\">\n\t\t\t\t\t<h2 class=\"elementor-heading-title elementor-size-default\">Transferts a\u00e9roport et gares<\/h2>\t\t\t\t<\/div>\n\t\t\t\t<\/div>\n\t\t\t\t<div class=\"elementor-element elementor-element-c78517f elementor-widget elementor-widget-text-editor\" data-id=\"c78517f\" data-element_type=\"widget\" data-widget_type=\"text-editor.default\">\n\t\t\t\t<div class=\"elementor-widget-container\">\n\t\t\t\t\t\t\t\t\t<p>\u2022 Tarif forfaitaire : 78\u20ac <br \/>\u2022 Acompte : 30%<\/p>\t\t\t\t\t\t\t\t<\/div>\n\t\t\t\t<\/div>\n\t\t\t\t\t<\/div>\n\t\t\t\t<\/div>\n\t\t<div class=\"elementor-element elementor-element-1211f6b e-flex e-con-boxed e-con e-child\" data-id=\"1211f6b\" data-element_type=\"container\" data-settings=\"{&quot;background_background&quot;:&quot;classic&quot;}\">\n\t\t\t\t\t<div class=\"e-con-inner\">\n\t\t\t\t<div class=\"elementor-element elementor-element-b0434a8 elementor-widget elementor-widget-image\" data-id=\"b0434a8\" data-element_type=\"widget\" data-widget_type=\"image.default\">\n\t\t\t\t<div class=\"elementor-widget-container\">\n\t\t\t\t\t\t\t\t\t\t\t\t\t\t\t<img decoding=\"async\" width=\"626\" height=\"352\" src=\"https:\/\/driveclub9560.fr\/wp-content\/uploads\/2026\/04\/Circuits-prives-tourisme.png\" class=\"attachment-large size-large wp-image-137178\" alt=\"\" srcset=\"https:\/\/driveclub9560.fr\/wp-content\/uploads\/2026\/04\/Circuits-prives-tourisme.png 626w, https:\/\/driveclub9560.fr\/wp-content\/uploads\/2026\/04\/Circuits-prives-tourisme-300x169.png 300w, https:\/\/driveclub9560.fr\/wp-content\/uploads\/2026\/04\/Circuits-prives-tourisme-600x337.png 600w\" sizes=\"(max-width: 626px) 100vw, 626px\" \/>\t\t\t\t\t\t\t\t\t\t\t\t\t\t\t<\/div>\n\t\t\t\t<\/div>\n\t\t\t\t<div class=\"elementor-element elementor-element-30d7eb9 elementor-widget elementor-widget-heading\" data-id=\"30d7eb9\" data-element_type=\"widget\" data-widget_type=\"heading.default\">\n\t\t\t\t<div class=\"elementor-widget-container\">\n\t\t\t\t\t<h2 class=\"elementor-heading-title elementor-size-default\">\u00c9v\u00e8nements &amp; longues distances<\/h2>\t\t\t\t<\/div>\n\t\t\t\t<\/div>\n\t\t\t\t<div class=\"elementor-element elementor-element-2caac36 elementor-widget elementor-widget-text-editor\" data-id=\"2caac36\" data-element_type=\"widget\" data-widget_type=\"text-editor.default\">\n\t\t\t\t<div class=\"elementor-widget-container\">\n\t\t\t\t\t\t\t\t\t<p>\u2022 Longue distance (hors IDF) : 1.75\u20ac \/ KM <br \/>\u2022 Acompte : 30%<\/p>\t\t\t\t\t\t\t\t<\/div>\n\t\t\t\t<\/div>\n\t\t\t\t\t<\/div>\n\t\t\t\t<\/div>\n\t\t<div class=\"elementor-element elementor-element-592ea59 e-flex e-con-boxed e-con e-child\" data-id=\"592ea59\" data-element_type=\"container\" data-settings=\"{&quot;background_background&quot;:&quot;classic&quot;}\">\n\t\t\t\t\t<div class=\"e-con-inner\">\n\t\t\t\t<div class=\"elementor-element elementor-element-36f8d78 elementor-widget elementor-widget-image\" data-id=\"36f8d78\" data-element_type=\"widget\" data-widget_type=\"image.default\">\n\t\t\t\t<div class=\"elementor-widget-container\">\n\t\t\t\t\t\t\t\t\t\t\t\t\t\t\t<img decoding=\"async\" width=\"800\" height=\"533\" src=\"https:\/\/driveclub9560.fr\/wp-content\/uploads\/2026\/04\/rsz_feature-image-chauffer-service-1-jpg.webp\" class=\"attachment-large size-large wp-image-137179\" alt=\"\" srcset=\"https:\/\/driveclub9560.fr\/wp-content\/uploads\/2026\/04\/rsz_feature-image-chauffer-service-1-jpg.webp 800w, https:\/\/driveclub9560.fr\/wp-content\/uploads\/2026\/04\/rsz_feature-image-chauffer-service-1-jpg-300x200.webp 300w, https:\/\/driveclub9560.fr\/wp-content\/uploads\/2026\/04\/rsz_feature-image-chauffer-service-1-jpg-768x512.webp 768w, https:\/\/driveclub9560.fr\/wp-content\/uploads\/2026\/04\/rsz_feature-image-chauffer-service-1-jpg-600x400.webp 600w\" sizes=\"(max-width: 800px) 100vw, 800px\" \/>\t\t\t\t\t\t\t\t\t\t\t\t\t\t\t<\/div>\n\t\t\t\t<\/div>\n\t\t\t\t<div class=\"elementor-element elementor-element-d8627c0 elementor-widget elementor-widget-heading\" data-id=\"d8627c0\" data-element_type=\"widget\" data-widget_type=\"heading.default\">\n\t\t\t\t<div class=\"elementor-widget-container\">\n\t\t\t\t\t<h2 class=\"elementor-heading-title elementor-size-default\">Mise \u00e0 disposition<\/h2>\t\t\t\t<\/div>\n\t\t\t\t<\/div>\n\t\t\t\t<div class=\"elementor-element elementor-element-76ae654 elementor-widget elementor-widget-text-editor\" data-id=\"76ae654\" data-element_type=\"widget\" data-widget_type=\"text-editor.default\">\n\t\t\t\t<div class=\"elementor-widget-container\">\n\t\t\t\t\t\t\t\t\t<p>\u2022 Demi-journ\u00e9e : 175\u20ac <br \/>\u2022 Journ\u00e9e (8h) : 350\u20ac <br \/>\u2022 Acompte : 30%<\/p>\t\t\t\t\t\t\t\t<\/div>\n\t\t\t\t<\/div>\n\t\t\t\t\t<\/div>\n\t\t\t\t<\/div>\n\t\t\t\t\t<\/div>\n\t\t\t\t<\/div>\n\t\t<div class=\"elementor-element elementor-element-04a5496 e-flex e-con-boxed e-con e-parent\" data-id=\"04a5496\" data-element_type=\"container\">\n\t\t\t\t\t<div class=\"e-con-inner\">\n\t\t\t\t<div class=\"elementor-element elementor-element-7e63bba elementor-widget elementor-widget-heading\" data-id=\"7e63bba\" data-element_type=\"widget\" data-widget_type=\"heading.default\">\n\t\t\t\t<div class=\"elementor-widget-container\">\n\t\t\t\t\t<h2 class=\"elementor-heading-title elementor-size-default\">Circuits priv\u00e9s <span style=\"color:#00BF63\">&amp;<\/span> tourisme<\/h2>\t\t\t\t<\/div>\n\t\t\t\t<\/div>\n\t\t\t\t<div class=\"elementor-element elementor-element-66cfbf7 elementor-widget__width-initial elementor-widget elementor-widget-text-editor\" data-id=\"66cfbf7\" data-element_type=\"widget\" data-widget_type=\"text-editor.default\">\n\t\t\t\t<div class=\"elementor-widget-container\">\n\t\t\t\t\t\t\t\t\t<p>Nous proposons des circuits priv\u00e9s et des services de tourisme sur mesure selon vos besoins. <br \/>Contactez-nous pour obtenir un devis personnalis\u00e9 adapt\u00e9 \u00e0 votre demande.<\/p>\t\t\t\t\t\t\t\t<\/div>\n\t\t\t\t<\/div>\n\t\t\t\t<div class=\"elementor-element elementor-element-b42dfeb elementor-align-justify elementor-widget__width-initial elementor-widget elementor-widget-button\" data-id=\"b42dfeb\" data-element_type=\"widget\" data-widget_type=\"button.default\">\n\t\t\t\t<div class=\"elementor-widget-container\">\n\t\t\t\t\t\t\t\t\t<div class=\"elementor-button-wrapper\">\n\t\t\t\t\t<a class=\"elementor-button elementor-button-link elementor-size-sm\" href=\"https:\/\/driveclub9560.fr\/index.php\/contact\/\">\n\t\t\t\t\t\t<span class=\"elementor-button-content-wrapper\">\n\t\t\t\t\t\t\t\t\t<span class=\"elementor-button-text\">Demander un devis<\/span>\n\t\t\t\t\t<\/span>\n\t\t\t\t\t<\/a>\n\t\t\t\t<\/div>\n\t\t\t\t\t\t\t\t<\/div>\n\t\t\t\t<\/div>\n\t\t\t\t\t<\/div>\n\t\t\t\t<\/div>\n\t\t\t\t<\/div>\n\t\t","protected":false},"excerpt":{"rendered":"<p>Nos Tarifs Des Prix Clairs pour Tous Vos D\u00e9placements Avec DRIVE CLUB 95.60, profitez de tarifs clairs et adapt\u00e9s \u00e0 tous vos trajets, que ce soit en ville, pour vos transferts ou vos d\u00e9placements longue distance. Informations tarifaires Les frais de gestion et les acomptes ne sont pas remboursables en cas d\u2019annulation moins d\u2019une heure [&hellip;]<\/p>\n","protected":false},"author":2,"featured_media":0,"parent":0,"menu_order":0,"comment_status":"closed","ping_status":"closed","template":"","meta":{"footnotes":""},"class_list":["post-137169","page","type-page","status-publish","hentry"],"_links":{"self":[{"href":"https:\/\/driveclub9560.fr\/index.php\/wp-json\/wp\/v2\/pages\/137169","targetHints":{"allow":["GET"]}}],"collection":[{"href":"https:\/\/driveclub9560.fr\/index.php\/wp-json\/wp\/v2\/pages"}],"about":[{"href":"https:\/\/driveclub9560.fr\/index.php\/wp-json\/wp\/v2\/types\/page"}],"author":[{"embeddable":true,"href":"https:\/\/driveclub9560.fr\/index.php\/wp-json\/wp\/v2\/users\/2"}],"replies":[{"embeddable":true,"href":"https:\/\/driveclub9560.fr\/index.php\/wp-json\/wp\/v2\/comments?post=137169"}],"version-history":[{"count":13,"href":"https:\/\/driveclub9560.fr\/index.php\/wp-json\/wp\/v2\/pages\/137169\/revisions"}],"predecessor-version":[{"id":137192,"href":"https:\/\/driveclub9560.fr\/index.php\/wp-json\/wp\/v2\/pages\/137169\/revisions\/137192"}],"wp:attachment":[{"href":"https:\/\/driveclub9560.fr\/index.php\/wp-json\/wp\/v2\/media?parent=137169"}],"curies":[{"name":"wp","href":"https:\/\/api.w.org\/{rel}","templated":true}]}}